{"id":786,"date":"2019-09-07T19:44:46","date_gmt":"2019-09-07T17:44:46","guid":{"rendered":"https:\/\/nou-sat.com\/aviso-legal\/"},"modified":"2020-04-02T21:51:46","modified_gmt":"2020-04-02T19:51:46","slug":"aviso-legal","status":"publish","type":"page","link":"https:\/\/nou-sat.com\/es\/aviso-legal\/","title":{"rendered":"Aviso Legal"},"content":{"rendered":"<p>[et_pb_section fb_built=\u00bb1&#8243; admin_label=\u00bbsection\u00bb _builder_version=\u00bb3.27.1&#8243; custom_margin=\u00bb0px|0px|0px|0px|true|true\u00bb custom_padding=\u00bb0px|0px|0px|0px|true|true\u00bb fb_built=\u00bb1&#8243; _i=\u00bb0&#8243; _address=\u00bb0&#8243;][et_pb_row use_custom_gutter=\u00bbon\u00bb gutter_width=\u00bb1&#8243; make_equal=\u00bbon\u00bb admin_label=\u00bbrow\u00bb _builder_version=\u00bb3.27.1&#8243; background_size=\u00bbinitial\u00bb background_position=\u00bbtop_left\u00bb background_repeat=\u00bbrepeat\u00bb width=\u00bb100%\u00bb max_width=\u00bb2560px\u00bb module_alignment=\u00bbcenter\u00bb custom_margin=\u00bb0px||0px||true|false\u00bb custom_padding=\u00bb0px||0px||true|false\u00bb _i=\u00bb0&#8243; _address=\u00bb0.0&#8243;][et_pb_column type=\u00bb4_4&#8243; _builder_version=\u00bb3.25&#8243; custom_padding=\u00bb|||\u00bb _i=\u00bb0&#8243; _address=\u00bb0.0.0&#8243; custom_padding__hover=\u00bb|||\u00bb][et_pb_slider admin_label=\u00bbDeslizador\u00bb _builder_version=\u00bb3.27.1&#8243; height=\u00bb40vh\u00bb custom_margin=\u00bb||||false|false\u00bb _i=\u00bb0&#8243; _address=\u00bb0.0.0.0&#8243;][et_pb_slide heading=\u00bbAviso legal \u00bb _builder_version=\u00bb3.27.1&#8243; header_level=\u00bbh1&#8243; header_font=\u00bb|700|||||||\u00bb header_text_align=\u00bbleft\u00bb header_text_color=\u00bb#ffffff\u00bb header_font_size=\u00bb3em\u00bb body_font=\u00bb|700|||||||\u00bb body_text_align=\u00bbleft\u00bb body_font_size=\u00bb1px\u00bb body_link_text_color=\u00bb#ffffff\u00bb body_link_font_size=\u00bb24px\u00bb body_link_line_height=\u00bb1.1em\u00bb background_color=\u00bb#243c4f\u00bb background_enable_color=\u00bbon\u00bb background_enable_image=\u00bboff\u00bb background_enable_video_mp4=\u00bboff\u00bb hover_enabled=\u00bb0&#8243; header_font_size_tablet=\u00bb3em\u00bb header_font_size_phone=\u00bb2em\u00bb header_font_size_last_edited=\u00bbon|phone\u00bb body_link_font_size_tablet=\u00bb20px\u00bb body_link_font_size_phone=\u00bb18px\u00bb body_link_font_size_last_edited=\u00bbon|desktop\u00bb _i=\u00bb0&#8243; _address=\u00bb0.0.0.0.0&#8243;][\/et_pb_slide][\/et_pb_slider][\/et_pb_column][\/et_pb_row][\/et_pb_section][et_pb_section fb_built=\u00bb1&#8243; _builder_version=\u00bb3.27.1&#8243; background_enable_color=\u00bboff\u00bb custom_margin=\u00bb0px||0px||true|false\u00bb custom_padding=\u00bb60px||60px||true|false\u00bb fb_built=\u00bb1&#8243; _i=\u00bb1&#8243; _address=\u00bb1&#8243;][et_pb_row _builder_version=\u00bb3.27.1&#8243; width=\u00bb75%\u00bb max_width=\u00bb2560px\u00bb custom_margin=\u00bb30px||30px||true|false\u00bb custom_padding=\u00bb0px||0px||true|false\u00bb _i=\u00bb0&#8243; _address=\u00bb1.0&#8243;][et_pb_column type=\u00bb4_4&#8243; _builder_version=\u00bb3.27.1&#8243; _i=\u00bb0&#8243; _address=\u00bb1.0.0&#8243;][et_pb_text _builder_version=\u00bb3.27.1&#8243; text_text_color=\u00bb#000000&#8243; text_line_height=\u00bb1.8em\u00bb header_2_text_color=\u00bb#ffffff\u00bb header_2_line_height=\u00bb1.4em\u00bb custom_padding=\u00bb||||true|true\u00bb hover_enabled=\u00bb0&#8243; _i=\u00bb0&#8243; _address=\u00bb1.0.0.0&#8243;]<\/p>\n<p><strong>Dades del responsable:<\/strong>Llu\u00eds Fern\u00e1ndez Cuenca<\/p>\n<ul>\n<li>Identitat del responsable:<\/li>\n<li>Nom comercial: NOU-SAT<\/li>\n<li>NIF\/CIF: 40979147R<\/li>\n<li>Correu electr\u00f2nic: admin@nou-sat.com<\/li>\n<\/ul>\n<p>En aquest espai, l&#8217;usuari podr\u00e0 trobar tota la informaci\u00f3 relativa als termes i condicions legals que defineixen les relacions entre els usuaris i NOU-SAT com a responsable d&#8217;aquesta web. Com a usuari, \u00e9s important que conegui aquests termes abans de continuar la seva navegaci\u00f3.<\/p>\n<p>NOU-SAT com a responsable d&#8217;aquesta web, assumeix el comprom\u00eds de processar la informaci\u00f3 dels seus usuaris i clients amb plenes garanties i complir amb els requisits nacionals i europeus que regulen la recopilaci\u00f3 i \u00fas de les dades personals d&#8217;aquests.<\/p>\n<p><strong>Condicions generals d&#8217;\u00fas<\/strong><\/p>\n<p>Les presents Condicions Generals regulen l&#8217;\u00fas (incloent el mer acc\u00e9s) de les p\u00e0gines de web, integrants del lloc web de NOU-SAT inclosos els continguts i serveis posats a disposici\u00f3 en elles. Tota persona que accedeixi a la web, (\u201cusuari\u201d) accepta sotmetre&#8217;s a les Condicions Generals vigents a cada moment del portal de refer\u00e8ncia.<\/p>\n<p><strong>Dades personals que recaptem i usem<\/strong><\/p>\n<p>Llegir <u><a href=\"http:\/\/nou-sat.com\/politica-privacitat\/\">Politica de privacitat<\/a><\/u><\/p>\n<p><strong>Compromisos i obligacions dels usuaris<\/strong><\/p>\n<p>L&#8217;usuari queda informat, i accepta, que l&#8217;acc\u00e9s a la present web no suposa, de cap manera, l&#8217;inici d&#8217;una relaci\u00f3 comercial amb NOU-SAT. D&#8217;aquesta forma, l&#8217;usuari es compromet a utilitzar el lloc web, els seus serveis i continguts sense contravenir la legislaci\u00f3 vigent, la bona fe i l&#8217;ordre p\u00fablic.<\/p>\n<p>Queda prohibit l&#8217;\u00fas de la web amb finalitats il\u2022l\u00edcites o lesius, o que, de qualsevol forma, puguin causar perjudici o impedir el normal funcionament del lloc web. Respecte dels continguts d&#8217;aquesta web, es prohibeix:<\/p>\n<ul>\n<li>la seva reproducci\u00f3, distribuci\u00f3 o modificaci\u00f3, total o parcial, tret que es compti amb la nostra autoritzaci\u00f3 com a leg\u00edtim titular;<\/li>\n<li>qualsevol vulneraci\u00f3 dels drets del prestador o de nosaltres com a leg\u00edtim titular;<\/li>\n<li>la seva utilitzaci\u00f3 per a finalitats comercials o publicitaris.<\/li>\n<\/ul>\n<p>En la utilitzaci\u00f3 de la web, l&#8217;usuari es compromet a no dur a terme cap conducta que pogu\u00e9s danyar la imatge, els interessos i els drets de NOU-SAT o de tercers o que pogu\u00e9s danyar, inutilitzar o sobrecarregar el portal o que imped\u00eds, de qualsevol forma, la normal utilitzaci\u00f3 de la web.<\/p>\n<p>No obstant aix\u00f2, l&#8217;usuari ha de ser conscient que les mesures de seguretat dels sistemes inform\u00e0tics en Internet no s\u00f3n enterament fiables i que, per tant NOU-SAT no pot garantir la inexist\u00e8ncia de malware o altres elements que puguin produir alteracions en els sistemes inform\u00e0tics (programari i maquinari) de l&#8217;usuari o en els seus documents electr\u00f2nics i fitxers continguts en els mateixos encara que posem tots els mitjans necessaris i les mesures de seguretat oportunes per evitar la pres\u00e8ncia d&#8217;aquests elements nocius.<\/p>\n<p><strong>Mesures de seguretat<\/strong><\/p>\n<p>Les dades personals comunicats per l&#8217;usuari a NOU-SAT poden ser emmagatzemats en bases de dades automatitzades o no, la titularitat de les quals correspon en exclusiva a NOU-SAT, assumint aquesta totes les mesures d&#8217;\u00edndole t\u00e8cnica, organitzativa i de seguretat que garanteixen la confidencialitat, integritat i qualitat de la informaci\u00f3 continguda en les mateixes d&#8217;acord amb l&#8217;establert en la normativa vigent en protecci\u00f3 de dades. La comunicaci\u00f3 entre els usuaris i NOU-SAT utilitza un canal segur, i les dades transmeses s\u00f3n xifrats gr\u00e0cies a protocols a https, per tant, garantim les millors condicions de seguretat perqu\u00e8 la confidencialitat dels usuaris estigui garantida.<\/p>\n<p><strong>Plataforma de resoluci\u00f3 de conflictes<\/strong><\/p>\n<p>Posem tamb\u00e9 a la disposici\u00f3 dels usuaris la plataforma de resoluci\u00f3 de litigis que facilita la Comissi\u00f3 Europea i que es troba disponible al seg\u00fcent enlla\u00e7: <a href=\"http:\/\/ec.europa.eu\/consumers\/odr\/\">https:\/\/ec.europa.eu\/consumers\/odr\/<\/a><\/p>\n<p><strong>Drets de propietat intel\u2022lectual i industrial<\/strong><\/p>\n<p>Queden expressament prohibides la reproducci\u00f3, la distribuci\u00f3 i la comunicaci\u00f3 p\u00fablica, inclosa la modalitat de posada a disposici\u00f3, de la totalitat o part dels continguts d&#8217;aquesta p\u00e0gina web, amb finalitats comercials, en qualsevol suport i per qualsevol mitj\u00e0 t\u00e8cnic, sense l&#8217;autoritzaci\u00f3 de NOU-SAT.<\/p>\n<p>L&#8217;usuari es compromet a respectar els drets de Propietat Intel\u2022lectual i Industrial titularitat de NOU-SAT.<br \/> L&#8217;usuari coneix i accepta que la totalitat del lloc web, contenint sense car\u00e0cter exhaustiu text, programari, continguts (incloent estructura, selecci\u00f3, ordenaci\u00f3 i presentaci\u00f3 dels mateixos), podcast, fotografies, material audiovisual i gr\u00e0fics, est\u00e0 protegida per marques, drets d&#8217;autor i altres drets leg\u00edtims, d&#8217;acord amb els tractats internacionals en els quals Espanya \u00e9s part i altres drets de propietat i lleis d&#8217;Espanya.<\/p>\n<p>En el cas que un usuari o un tercer considerin que s&#8217;ha produ\u00eft una violaci\u00f3 dels seus leg\u00edtims drets de propietat intel\u2022lectual per la introducci\u00f3 d&#8217;un determinat contingut a la web, haur\u00e0 de notificar aquesta circumst\u00e0ncia a NOU-SAT indicant:<\/p>\n<ul>\n<li>dades personals de l&#8217;interessat titular dels drets presumptament infringits, o indicar la representaci\u00f3 amb la qual actua en cas que la reclamaci\u00f3 la present un tercer diferent de l&#8217;interessat;<\/li>\n<li>assenyalar els continguts protegits pels drets de propietat intel\u2022lectual i la seva ubicaci\u00f3 a la web, l&#8217;acreditaci\u00f3 dels drets de propietat intel\u2022lectual assenyalats i declaraci\u00f3 expressa en la qual l\u2019interessat es responsabilitza de la veracitat de les informacions facilitades en la notificaci\u00f3.<\/li>\n<\/ul>\n<p><strong>Enlla\u00e7os externs<\/strong><\/p>\n<p>Les p\u00e0gines de la web proporcionen enlla\u00e7os a altres llocs web propis i continguts que s\u00f3n propietat de tercers.<\/p>\n<p><strong>Exclusi\u00f3 de garanties i responsable<\/strong><\/p>\n<p>NOU-SAT no atorga cap garantia ni es fa responsable, en cap cas, dels danys i perjudicis de qualsevol naturalesa que poguessin portar causa de:<\/p>\n<ul>\n<li>la falta de disponibilitat, manteniment i efectiu funcionament de la web, o dels seus serveis i continguts;<\/li>\n<li>l&#8217;exist\u00e8ncia de malware, programes maliciosos o lesius en els continguts;<\/li>\n<li>l&#8217;\u00fas il\u2022l\u00edcit, negligent, fraudulent o contrari a aquest Av\u00eds Legal;<\/li>\n<li>la falta de licitud, qualitat, fiabilitat, utilitat i disponibilitat dels serveis prestats per tercers i posats a la disposici\u00f3 dels usuaris en el lloc web.<\/li>\n<\/ul>\n<p>El prestador no es fa responsable en cap concepte dels danys que poguessin originar de l&#8217;\u00fas il\u2022legal o indegut de la present p\u00e0gina web.<\/p>\n<p><strong>Llei aplicable i jurisdicci\u00f3<\/strong><\/p>\n<p>Amb car\u00e0cter general les relacions entre NOU-SAT amb els usuaris dels seus serveis telem\u00e0tics, presents en aquesta web es troben sotmeses a la legislaci\u00f3 i jurisdicci\u00f3 espanyoles i als tribunals de Barcelona.<\/p>\n<p id=\"garantia\"><strong>Garantia<\/strong><\/p>\n<p>Totes les reparacions o instal\u2022lacions efectuades per NOU-SAT, quedaran garantides en les seg\u00fcents condicions:<\/p>\n<ul>\n<li>Totes les reparacions tenen una garantia de tres mesos. Tanmateix cessar\u00e0 el per\u00edode de garantia si l&#8217;equip \u00e9s desmuntat per personal no autoritzat.<\/li>\n<li>La garantia s&#8217;ent\u00e9n total sobre la reparaci\u00f3 efectuada i afecta a les despeses que es puguin ocasionar, com ara el transport i despla\u00e7ament que la reparaci\u00f3 exigeixi, les peces de recanvi i material de qualsevol classe que hagu\u00e9s d&#8217;utilitzar-se, aix\u00ed com la imposici\u00f3 fiscal que gravi aquesta nova operaci\u00f3.<\/li>\n<li>Queda exclosa de la garantia l&#8217;\u00fas indegut de l&#8217;equip o la utilitzaci\u00f3 negligent d&#8217;aquest, les avaries provocades per brut\u00edcia de la m\u00e0quina o l&#8217;entorn aix\u00ed com la reparaci\u00f3 o substituci\u00f3 de materials o les intervencions necess\u00e0ries per desgast propi per l&#8217;\u00fas.<\/li>\n<li>Si durant el per\u00edode de garantia es reprodu\u00eds total o parcialment una avaria reparada o sorg\u00eds una nova defici\u00e8ncia originada per la mateixa reparaci\u00f3 o instal\u2022laci\u00f3 se\u2019ns haur\u00e0 de comunicar aquesta circumstancia amb la major brevetat possible.<\/li>\n<\/ul>\n<p><strong>Contacte<\/strong><br \/> En cas que qualsevol usuari tingu\u00e9s algun dubte sobre aquestes Condicions legals o qualsevol comentari sobre el portal , si us plau, dirigeixi&#8217;s admin@nou-sat.com<br \/> <strong><\/strong><\/p>\n<p>[\/et_pb_text][\/et_pb_column][\/et_pb_row][\/et_pb_section]<\/p>\n","protected":false},"excerpt":{"rendered":"<p>Dades del responsable:Llu\u00eds Fern\u00e1ndez Cuenca Identitat del responsable: Nom comercial: NOU-SAT NIF\/CIF: 40979147R Correu electr\u00f2nic: admin@nou-sat.com En aquest espai, l&#8217;usuari podr\u00e0 trobar tota la informaci\u00f3 relativa als termes i condicions legals que defineixen les relacions entre els usuaris i NOU-SAT com a responsable d&#8217;aquesta web. Com a usuari, \u00e9s important que conegui aquests termes abans [&hellip;]<\/p>\n","protected":false},"author":1,"featured_media":0,"parent":0,"menu_order":4,"comment_status":"closed","ping_status":"closed","template":"","meta":{"_et_pb_use_builder":"on","_et_pb_old_content":"","_et_gb_content_width":"","footnotes":""},"class_list":["post-786","page","type-page","status-publish","hentry"],"yoast_head":"<!-- This site is optimized with the Yoast SEO plugin v23.8 - https:\/\/yoast.com\/wordpress\/plugins\/seo\/ -->\n<title>Aviso Legal - Nou Sat<\/title>\n<meta name=\"robots\" content=\"index, follow, max-snippet:-1, max-image-preview:large, max-video-preview:-1\" \/>\n<link rel=\"canonical\" href=\"https:\/\/nou-sat.com\/es\/aviso-legal\/\" \/>\n<meta property=\"og:locale\" content=\"es_ES\" \/>\n<meta property=\"og:type\" content=\"article\" \/>\n<meta property=\"og:title\" content=\"Aviso Legal - Nou Sat\" \/>\n<meta property=\"og:description\" content=\"Dades del responsable:Llu\u00eds Fern\u00e1ndez Cuenca Identitat del responsable: Nom comercial: NOU-SAT NIF\/CIF: 40979147R Correu electr\u00f2nic: admin@nou-sat.com En aquest espai, l&#039;usuari podr\u00e0 trobar tota la informaci\u00f3 relativa als termes i condicions legals que defineixen les relacions entre els usuaris i NOU-SAT com a responsable d&#039;aquesta web. Com a usuari, \u00e9s important que conegui aquests termes abans [&hellip;]\" \/>\n<meta property=\"og:url\" content=\"https:\/\/nou-sat.com\/es\/aviso-legal\/\" \/>\n<meta property=\"og:site_name\" content=\"Nou Sat\" \/>\n<meta property=\"article:modified_time\" content=\"2020-04-02T19:51:46+00:00\" \/>\n<meta name=\"twitter:card\" content=\"summary_large_image\" \/>\n<meta name=\"twitter:label1\" content=\"Tiempo de lectura\" \/>\n\t<meta name=\"twitter:data1\" content=\"8 minutos\" \/>\n<script type=\"application\/ld+json\" class=\"yoast-schema-graph\">{\"@context\":\"https:\/\/schema.org\",\"@graph\":[{\"@type\":\"WebPage\",\"@id\":\"https:\/\/nou-sat.com\/es\/aviso-legal\/\",\"url\":\"https:\/\/nou-sat.com\/es\/aviso-legal\/\",\"name\":\"Aviso Legal - Nou Sat\",\"isPartOf\":{\"@id\":\"https:\/\/nou-sat.com\/es\/#website\"},\"datePublished\":\"2019-09-07T17:44:46+00:00\",\"dateModified\":\"2020-04-02T19:51:46+00:00\",\"breadcrumb\":{\"@id\":\"https:\/\/nou-sat.com\/es\/aviso-legal\/#breadcrumb\"},\"inLanguage\":\"es\",\"potentialAction\":[{\"@type\":\"ReadAction\",\"target\":[\"https:\/\/nou-sat.com\/es\/aviso-legal\/\"]}]},{\"@type\":\"BreadcrumbList\",\"@id\":\"https:\/\/nou-sat.com\/es\/aviso-legal\/#breadcrumb\",\"itemListElement\":[{\"@type\":\"ListItem\",\"position\":1,\"name\":\"Home\",\"item\":\"https:\/\/nou-sat.com\/es\/\"},{\"@type\":\"ListItem\",\"position\":2,\"name\":\"Aviso Legal\"}]},{\"@type\":\"WebSite\",\"@id\":\"https:\/\/nou-sat.com\/es\/#website\",\"url\":\"https:\/\/nou-sat.com\/es\/\",\"name\":\"Nou Sat\",\"description\":\"Servei t\u00e8cnic de maquin\u00e0ria\",\"publisher\":{\"@id\":\"https:\/\/nou-sat.com\/es\/#organization\"},\"potentialAction\":[{\"@type\":\"SearchAction\",\"target\":{\"@type\":\"EntryPoint\",\"urlTemplate\":\"https:\/\/nou-sat.com\/es\/?s={search_term_string}\"},\"query-input\":{\"@type\":\"PropertyValueSpecification\",\"valueRequired\":true,\"valueName\":\"search_term_string\"}}],\"inLanguage\":\"es\"},{\"@type\":\"Organization\",\"@id\":\"https:\/\/nou-sat.com\/es\/#organization\",\"name\":\"NOU-SAT\",\"url\":\"https:\/\/nou-sat.com\/es\/\",\"logo\":{\"@type\":\"ImageObject\",\"inLanguage\":\"es\",\"@id\":\"https:\/\/nou-sat.com\/es\/#\/schema\/logo\/image\/\",\"url\":\"http:\/\/nou-sat.com\/wp-content\/uploads\/3-LOGO-BLANC-FONS-ROSA_web.png\",\"contentUrl\":\"http:\/\/nou-sat.com\/wp-content\/uploads\/3-LOGO-BLANC-FONS-ROSA_web.png\",\"width\":3000,\"height\":1800,\"caption\":\"NOU-SAT\"},\"image\":{\"@id\":\"https:\/\/nou-sat.com\/es\/#\/schema\/logo\/image\/\"}}]}<\/script>\n<!-- \/ Yoast SEO plugin. -->","yoast_head_json":{"title":"Aviso Legal - Nou Sat","robots":{"index":"index","follow":"follow","max-snippet":"max-snippet:-1","max-image-preview":"max-image-preview:large","max-video-preview":"max-video-preview:-1"},"canonical":"https:\/\/nou-sat.com\/es\/aviso-legal\/","og_locale":"es_ES","og_type":"article","og_title":"Aviso Legal - Nou Sat","og_description":"Dades del responsable:Llu\u00eds Fern\u00e1ndez Cuenca Identitat del responsable: Nom comercial: NOU-SAT NIF\/CIF: 40979147R Correu electr\u00f2nic: admin@nou-sat.com En aquest espai, l'usuari podr\u00e0 trobar tota la informaci\u00f3 relativa als termes i condicions legals que defineixen les relacions entre els usuaris i NOU-SAT com a responsable d'aquesta web. Com a usuari, \u00e9s important que conegui aquests termes abans [&hellip;]","og_url":"https:\/\/nou-sat.com\/es\/aviso-legal\/","og_site_name":"Nou Sat","article_modified_time":"2020-04-02T19:51:46+00:00","twitter_card":"summary_large_image","twitter_misc":{"Tiempo de lectura":"8 minutos"},"schema":{"@context":"https:\/\/schema.org","@graph":[{"@type":"WebPage","@id":"https:\/\/nou-sat.com\/es\/aviso-legal\/","url":"https:\/\/nou-sat.com\/es\/aviso-legal\/","name":"Aviso Legal - Nou Sat","isPartOf":{"@id":"https:\/\/nou-sat.com\/es\/#website"},"datePublished":"2019-09-07T17:44:46+00:00","dateModified":"2020-04-02T19:51:46+00:00","breadcrumb":{"@id":"https:\/\/nou-sat.com\/es\/aviso-legal\/#breadcrumb"},"inLanguage":"es","potentialAction":[{"@type":"ReadAction","target":["https:\/\/nou-sat.com\/es\/aviso-legal\/"]}]},{"@type":"BreadcrumbList","@id":"https:\/\/nou-sat.com\/es\/aviso-legal\/#breadcrumb","itemListElement":[{"@type":"ListItem","position":1,"name":"Home","item":"https:\/\/nou-sat.com\/es\/"},{"@type":"ListItem","position":2,"name":"Aviso Legal"}]},{"@type":"WebSite","@id":"https:\/\/nou-sat.com\/es\/#website","url":"https:\/\/nou-sat.com\/es\/","name":"Nou Sat","description":"Servei t\u00e8cnic de maquin\u00e0ria","publisher":{"@id":"https:\/\/nou-sat.com\/es\/#organization"},"potentialAction":[{"@type":"SearchAction","target":{"@type":"EntryPoint","urlTemplate":"https:\/\/nou-sat.com\/es\/?s={search_term_string}"},"query-input":{"@type":"PropertyValueSpecification","valueRequired":true,"valueName":"search_term_string"}}],"inLanguage":"es"},{"@type":"Organization","@id":"https:\/\/nou-sat.com\/es\/#organization","name":"NOU-SAT","url":"https:\/\/nou-sat.com\/es\/","logo":{"@type":"ImageObject","inLanguage":"es","@id":"https:\/\/nou-sat.com\/es\/#\/schema\/logo\/image\/","url":"http:\/\/nou-sat.com\/wp-content\/uploads\/3-LOGO-BLANC-FONS-ROSA_web.png","contentUrl":"http:\/\/nou-sat.com\/wp-content\/uploads\/3-LOGO-BLANC-FONS-ROSA_web.png","width":3000,"height":1800,"caption":"NOU-SAT"},"image":{"@id":"https:\/\/nou-sat.com\/es\/#\/schema\/logo\/image\/"}}]}},"_links":{"self":[{"href":"https:\/\/nou-sat.com\/es\/wp-json\/wp\/v2\/pages\/786","targetHints":{"allow":["GET"]}}],"collection":[{"href":"https:\/\/nou-sat.com\/es\/wp-json\/wp\/v2\/pages"}],"about":[{"href":"https:\/\/nou-sat.com\/es\/wp-json\/wp\/v2\/types\/page"}],"author":[{"embeddable":true,"href":"https:\/\/nou-sat.com\/es\/wp-json\/wp\/v2\/users\/1"}],"replies":[{"embeddable":true,"href":"https:\/\/nou-sat.com\/es\/wp-json\/wp\/v2\/comments?post=786"}],"version-history":[{"count":0,"href":"https:\/\/nou-sat.com\/es\/wp-json\/wp\/v2\/pages\/786\/revisions"}],"wp:attachment":[{"href":"https:\/\/nou-sat.com\/es\/wp-json\/wp\/v2\/media?parent=786"}],"curies":[{"name":"wp","href":"https:\/\/api.w.org\/{rel}","templated":true}]}}