{"id":784,"date":"2019-09-07T19:40:08","date_gmt":"2019-09-07T17:40:08","guid":{"rendered":"https:\/\/nou-sat.com\/politica-de-privacidad\/"},"modified":"2019-09-07T19:54:55","modified_gmt":"2019-09-07T17:54:55","slug":"politica-privacidad","status":"publish","type":"page","link":"https:\/\/nou-sat.com\/es\/politica-privacidad\/","title":{"rendered":"Pol\u00edtica de Privacidad"},"content":{"rendered":"<p>[et_pb_section fb_built=\u00bb1&#8243; admin_label=\u00bbsection\u00bb _builder_version=\u00bb3.27.1&#8243; custom_margin=\u00bb0px|0px|0px|0px|true|true\u00bb custom_padding=\u00bb0px|0px|0px|0px|true|true\u00bb fb_built=\u00bb1&#8243; _i=\u00bb0&#8243; _address=\u00bb0&#8243;][et_pb_row use_custom_gutter=\u00bbon\u00bb gutter_width=\u00bb1&#8243; make_equal=\u00bbon\u00bb admin_label=\u00bbrow\u00bb _builder_version=\u00bb3.27.1&#8243; background_size=\u00bbinitial\u00bb background_position=\u00bbtop_left\u00bb background_repeat=\u00bbrepeat\u00bb width=\u00bb100%\u00bb max_width=\u00bb2560px\u00bb module_alignment=\u00bbcenter\u00bb custom_margin=\u00bb0px||0px||true|false\u00bb custom_padding=\u00bb0px||0px||true|false\u00bb _i=\u00bb0&#8243; _address=\u00bb0.0&#8243;][et_pb_column type=\u00bb4_4&#8243; _builder_version=\u00bb3.25&#8243; custom_padding=\u00bb|||\u00bb _i=\u00bb0&#8243; _address=\u00bb0.0.0&#8243; custom_padding__hover=\u00bb|||\u00bb][et_pb_slider admin_label=\u00bbDeslizador\u00bb _builder_version=\u00bb3.27.1&#8243; height=\u00bb40vh\u00bb custom_margin=\u00bb||||false|false\u00bb _i=\u00bb0&#8243; _address=\u00bb0.0.0.0&#8243;][et_pb_slide heading=\u00bbPol\u00edtica de Privacidad\u00bb _builder_version=\u00bb3.27.1&#8243; header_level=\u00bbh1&#8243; header_font=\u00bb|700|||||||\u00bb header_text_align=\u00bbleft\u00bb header_text_color=\u00bb#ffffff\u00bb header_font_size=\u00bb3em\u00bb body_font=\u00bb|700|||||||\u00bb body_text_align=\u00bbleft\u00bb body_font_size=\u00bb1px\u00bb body_link_text_color=\u00bb#ffffff\u00bb body_link_font_size=\u00bb24px\u00bb body_link_line_height=\u00bb1.1em\u00bb background_color=\u00bb#243c4f\u00bb background_enable_color=\u00bbon\u00bb background_enable_image=\u00bboff\u00bb background_enable_video_mp4=\u00bboff\u00bb hover_enabled=\u00bb0&#8243; header_font_size_tablet=\u00bb3em\u00bb header_font_size_phone=\u00bb2em\u00bb header_font_size_last_edited=\u00bbon|phone\u00bb body_link_font_size_tablet=\u00bb20px\u00bb body_link_font_size_phone=\u00bb18px\u00bb body_link_font_size_last_edited=\u00bbon|desktop\u00bb _i=\u00bb0&#8243; _address=\u00bb0.0.0.0.0&#8243;][\/et_pb_slide][\/et_pb_slider][\/et_pb_column][\/et_pb_row][\/et_pb_section][et_pb_section fb_built=\u00bb1&#8243; _builder_version=\u00bb3.27.1&#8243; background_enable_color=\u00bboff\u00bb custom_margin=\u00bb0px||0px||true|false\u00bb custom_padding=\u00bb60px||60px||true|false\u00bb fb_built=\u00bb1&#8243; _i=\u00bb1&#8243; _address=\u00bb1&#8243;][et_pb_row _builder_version=\u00bb3.27.1&#8243; width=\u00bb75%\u00bb max_width=\u00bb2560px\u00bb custom_margin=\u00bb30px||30px||true|false\u00bb custom_padding=\u00bb0px||0px||true|false\u00bb _i=\u00bb0&#8243; _address=\u00bb1.0&#8243;][et_pb_column type=\u00bb4_4&#8243; _builder_version=\u00bb3.27.1&#8243; _i=\u00bb0&#8243; _address=\u00bb1.0.0&#8243;][et_pb_text _builder_version=\u00bb3.27.1&#8243; text_text_color=\u00bb#000000&#8243; text_line_height=\u00bb1.8em\u00bb header_2_text_color=\u00bb#ffffff\u00bb header_2_line_height=\u00bb1.4em\u00bb custom_padding=\u00bb||||true|true\u00bb hover_enabled=\u00bb0&#8243; _i=\u00bb0&#8243; _address=\u00bb1.0.0.0&#8243;]Esta es nuestra pol\u00edtica de privacidad, en cumplimiento del reglamento europeo 2016\/679 relativo a la protecci\u00f3n de las personas f\u00edsicas (RGPD), dirigida a nuestros clientes, potenciales clientes, usuarios de esta p\u00e1gina de web, nuestros proveedores y otros colaboradores.<\/p>\n<h3><strong>Responsable del tratamiento de tus datos personales<\/strong><\/h3>\n<ul>\n<li><strong>Nombre comercial:<\/strong> NOU-SAT<\/li>\n<li><strong>NIF\/CIF: <\/strong>40979147R<\/li>\n<li><strong>Direcci\u00f3n:\u00a0<\/strong>Pla\u00e7a Josep Pallach, 10<\/li>\n<li><strong>Tel\u00e9fono:\u00a0<\/strong>+34 659 184 734<\/li>\n<li><strong>Correo electr\u00f3nico:<\/strong> info@nou-sat.com<\/li>\n<li><strong>Persona de contacto:\u00a0<\/strong>Llu\u00eds Fern\u00e1ndez<\/li>\n<\/ul>\n<h3><strong>\u00bfA qui\u00e9n aplica esta pol\u00edtica de privacidad?<\/strong><\/h3>\n<p>Recopilamos y tratamos datos personales de los siguientes grupos:<\/p>\n<ul>\n<li>Clientes<\/li>\n<li>Potenciales clientes<\/li>\n<li>Usuarios de la web<\/li>\n<li>Proveedores y otros colaboradores<\/li>\n<\/ul>\n<h3><strong>La finalidad del tratamiento de datos<\/strong><\/h3>\n<p>Tratamos los datos de los clientes para comunicarnos con ellos y para el mantenimiento de la relaci\u00f3n comercial.<\/p>\n<p>Tratamos los datos de los potenciales clientes y los usuarios de esta p\u00e1gina de web para comunicarnos con ellos y ofrecerles la informaci\u00f3n solicitada.<\/p>\n<p>Tratamos los datos de nuestros proveedores y otros colaboradores para mantener la relaci\u00f3n comercial y\/o contractual con ellos.<\/p>\n<h3><strong>Legitimaci\u00f3n para el tratamiento de tus datos<\/strong><\/h3>\n<p>El tratamiento de los datos personales se basa en alguno de los siguientes aspectos:<\/p>\n<ul>\n<li>El consentimiento<\/li>\n<li>Una relaci\u00f3n contractual<\/li>\n<li>Los requisitos legales<\/li>\n<li>El inter\u00e9s leg\u00edtimo de la empresa<\/li>\n<\/ul>\n<h3><strong>Los datos que tratamos<\/strong><\/h3>\n<p>Los datos que tratamos son los siguientes:<\/p>\n<ul>\n<li>Nombre y apellidos<\/li>\n<li>Direccion de correo electronico<\/li>\n<li>Tel\u00e9fono<\/li>\n<li>Direcci\u00f3n<\/li>\n<li>Empresa u organizaci\u00f3n<\/li>\n<li>Cargo \/ t\u00edtulo<\/li>\n<li>Datos de facturaci\u00f3n (n\u00famero de cuenta, etc.) de los clientes<\/li>\n<li>La direcci\u00f3n IP del usuario de la p\u00e1gina web<\/li>\n<\/ul>\n<h3><strong>\u00bfC\u00f3mo obtenemos los datos?<\/strong><\/h3>\n<p>Los datos personales que tratamos en NOU-SAT proceden de:<\/p>\n<ul>\n<li>Comunicaciones personales o digitales con los clientes, potenciales clientes, proveedores y otros colaboradores (p.ej. formulario de contacto de la web, correo electr\u00f3nico, tel\u00e9fono y redes sociales, informaci\u00f3n de contacto p\u00fablica mostrada en la p\u00e1gina web de posibles clientes.)<\/li>\n<li>La p\u00e1gina de web puede almacenar la direcci\u00f3n IP del usuario, si el usuario acepta el uso de las cookies<\/li>\n<\/ul>\n<h3><strong>La seguridad de los datos<\/strong><\/h3>\n<p>El tratamiento de los datos se realiza respetando su confidencialidad y se adaptan las medidas necesarias para proteger los datos. El acceso a los datos est\u00e1 limitado a las personas que los necesitan para la realizaci\u00f3n de sus funciones.<\/p>\n<p>Los datos est\u00e1n protegidos contra el acceso no autorizado y se vigila su uso. Los datos que se env\u00edan fuera de la empresa, se encriptan siempre cuando sea t\u00e9cnicamente viable.<\/p>\n<p>Cualquier persona que est\u00e9 autorizada para procesar los datos (incluido personal, colaboradores y prestadores de servicios), estar\u00e1 bajo la obligaci\u00f3n apropiada de confidencialidad (ya sea un deber contractual o legal).<\/p>\n<p>En el caso de que se presente alg\u00fan incidente de seguridad, la empresa debe notificar al cliente sin demoras y proporcionar informaci\u00f3n oportuna relacionada con el incidente.<\/p>\n<p>Esta web incluye un certificado SSL. Se trata de un protocolo de seguridad que hace que la transmisi\u00f3n de los datos entre un servidor y usuario web es cifrada o encriptado.<\/p>\n<h3><strong>Comunicaci\u00f3n de los datos a terceros<\/strong><\/h3>\n<p>Los datos personales se pueden comunicar a colaboradores, que facilitan a la empresa servicios, como pueden ser la contabilidad o servicios inform\u00e1ticos. Exigimos que nuestros colaboradores traten los datos con los m\u00e1s estrictos est\u00e1ndares de seguridad.<\/p>\n<p>Para mantener la p\u00e1gina web (nou-sat.com), compartimos algunos datos an\u00f3nimos con los siguientes prestadores de herramientas digitales, que operan bajo sus correspondientes condiciones de privacidad:<\/p>\n<ul>\n<li>Google Analytics: un servicio prestado por Google, Inc., con domicilio en Estados Unidos. M\u00e1s informaci\u00f3n en: https:\/\/analytics.google.com. Google Analytics utiliza datos obtenidos mediante cookies para analizar el uso que hacen los usuarios del sitio web.<\/li>\n<li>Hosting: Raiola Networks con domicilio en Espa\u00f1a. M\u00e1s informaci\u00f3n en: https:\/\/raiolanetworks.es\/ (Raiola Networks). Raiola Networks trata los datos con la finalidad de realizar sus servicios de hosting a NOU-SAT.<\/li>\n<li>Plataforma web: Automattic Inc., con domicilio en EEUU. M\u00e1s informaci\u00f3n en: https:\/\/es.wordpress.com\/ (Automattic Inc.). Automattic Inc. trata los datos con la finalidad de realizar sus servicios de plataforma web a NOU-SAT.<\/li>\n<\/ul>\n<h3><strong>\u00bfCu\u00e1nto tiempo mantenemos los datos?<\/strong><\/h3>\n<p>Tratamos los datos de los clientes, proveedores y otros colaboradores mientras se mantenga la relaci\u00f3n comercial, o durante los a\u00f1os necesarios para cumplir con las obligaciones legales o fiscales.<\/p>\n<p>Tratamos los datos de los potenciales clientes hasta que se haya formalizado la relaci\u00f3n comercial entre el cliente y la empresa.<\/p>\n<h3><strong>Tus derechos<\/strong><\/h3>\n<p>Cualquier persona tiene derecho a obtener confirmaci\u00f3n sobre si en NOU-SAT estamos tratando sus datos personales, o no.<br \/>\nLas personas interesadas tienen derecho a:<\/p>\n<ul>\n<li>solicitar el acceso a los datos personales relativos al interesado y verificarlos;<\/li>\n<li>solicitar la rectificaci\u00f3n de los datos inexactos o incompletos;<\/li>\n<li>solicitar la supresi\u00f3n de los datos;<\/li>\n<li>revocar el consentimiento y oponerse al tratamiento cuando el tratamiento est\u00e9 basado en el consentimiento;<\/li>\n<li>por motivos relacionados con su situaci\u00f3n particular, oponerse al tratamiento de sus datos cuando se basa en el inter\u00e9s leg\u00edtimo de la empresa;<\/li>\n<li>solicitar la limitaci\u00f3n de su tratamiento;<\/li>\n<li>recibir los datos personales que nos haya facilitado y a transmitirlos a otro responsable del tratamiento cuando:\n<ul>\n<li>el tratamiento est\u00e9 basado en el consentimiento o contrato, y<\/li>\n<li>el tratamiento se efect\u00fae por medios automatizados<\/li>\n<\/ul>\n<\/li>\n<\/ul>\n<p>Puedes ejercer tus derechos envi\u00e1ndonos tu solicitud a la direcci\u00f3n especificada en el apartado \u00abContacto\u00bb de esta Pol\u00edtica de Privacidad. Podemos pedirte aclaraciones o una prueba de tu identidad antes de procesar tu solicitud. Podemos negar tu solicitud por motivos especificados en la ley aplicable.<\/p>\n<p>En el caso de no estar de acuerdo con la manera en que tratamos tus datos, puedes presentar una reclamaci\u00f3n ante la autoridad competente en la materia de la protecci\u00f3n de datos (www.agpd.es).<\/p>\n<h3><strong>Contacto<\/strong><\/h3>\n<p>Las solicitudes relacionadas con el ejercicio de tus derechos, preguntas sobre esta pol\u00edtica de privacidad o cualquier otra comunicaci\u00f3n debe enviarse por correo electr\u00f3nico a info@nou-sat.com.<\/p>\n<h3><strong>Modificaciones de la pol\u00edtica de privacidad<\/strong><\/h3>\n<p>Esta pol\u00edtica de privacidad puede ser modificada por motivos legales u otras razones. Esta pol\u00edtica de privacidad fue revisada el 5 de setiembre del 2019[\/et_pb_text][\/et_pb_column][\/et_pb_row][\/et_pb_section]<\/p>\n","protected":false},"excerpt":{"rendered":"<p>Esta es nuestra pol\u00edtica de privacidad, en cumplimiento del reglamento europeo 2016\/679 relativo a la protecci\u00f3n de las personas f\u00edsicas (RGPD), dirigida a nuestros clientes, potenciales clientes, usuarios de esta p\u00e1gina de web, nuestros proveedores y otros colaboradores. Responsable del tratamiento de tus datos personales Nombre comercial: NOU-SAT NIF\/CIF: 40979147R Direcci\u00f3n:\u00a0Pla\u00e7a Josep Pallach, 10 Tel\u00e9fono:\u00a0+34 [&hellip;]<\/p>\n","protected":false},"author":1,"featured_media":0,"parent":0,"menu_order":5,"comment_status":"closed","ping_status":"closed","template":"","meta":{"_et_pb_use_builder":"on","_et_pb_old_content":"","_et_gb_content_width":"","footnotes":""},"class_list":["post-784","page","type-page","status-publish","hentry"],"yoast_head":"<!-- This site is optimized with the Yoast SEO plugin v23.8 - https:\/\/yoast.com\/wordpress\/plugins\/seo\/ -->\n<title>Pol\u00edtica de Privacidad - Nou Sat<\/title>\n<meta name=\"robots\" content=\"index, follow, max-snippet:-1, max-image-preview:large, max-video-preview:-1\" \/>\n<link rel=\"canonical\" href=\"https:\/\/nou-sat.com\/es\/politica-privacidad\/\" \/>\n<meta property=\"og:locale\" content=\"es_ES\" \/>\n<meta property=\"og:type\" content=\"article\" \/>\n<meta property=\"og:title\" content=\"Pol\u00edtica de Privacidad - Nou Sat\" \/>\n<meta property=\"og:description\" content=\"Esta es nuestra pol\u00edtica de privacidad, en cumplimiento del reglamento europeo 2016\/679 relativo a la protecci\u00f3n de las personas f\u00edsicas (RGPD), dirigida a nuestros clientes, potenciales clientes, usuarios de esta p\u00e1gina de web, nuestros proveedores y otros colaboradores. Responsable del tratamiento de tus datos personales Nombre comercial: NOU-SAT NIF\/CIF: 40979147R Direcci\u00f3n:\u00a0Pla\u00e7a Josep Pallach, 10 Tel\u00e9fono:\u00a0+34 [&hellip;]\" \/>\n<meta property=\"og:url\" content=\"https:\/\/nou-sat.com\/es\/politica-privacidad\/\" \/>\n<meta property=\"og:site_name\" content=\"Nou Sat\" \/>\n<meta property=\"article:modified_time\" content=\"2019-09-07T17:54:55+00:00\" \/>\n<meta name=\"twitter:card\" content=\"summary_large_image\" \/>\n<meta name=\"twitter:label1\" content=\"Tiempo de lectura\" \/>\n\t<meta name=\"twitter:data1\" content=\"7 minutos\" \/>\n<script type=\"application\/ld+json\" class=\"yoast-schema-graph\">{\"@context\":\"https:\/\/schema.org\",\"@graph\":[{\"@type\":\"WebPage\",\"@id\":\"https:\/\/nou-sat.com\/es\/politica-privacidad\/\",\"url\":\"https:\/\/nou-sat.com\/es\/politica-privacidad\/\",\"name\":\"Pol\u00edtica de Privacidad - Nou Sat\",\"isPartOf\":{\"@id\":\"https:\/\/nou-sat.com\/es\/#website\"},\"datePublished\":\"2019-09-07T17:40:08+00:00\",\"dateModified\":\"2019-09-07T17:54:55+00:00\",\"breadcrumb\":{\"@id\":\"https:\/\/nou-sat.com\/es\/politica-privacidad\/#breadcrumb\"},\"inLanguage\":\"es\",\"potentialAction\":[{\"@type\":\"ReadAction\",\"target\":[\"https:\/\/nou-sat.com\/es\/politica-privacidad\/\"]}]},{\"@type\":\"BreadcrumbList\",\"@id\":\"https:\/\/nou-sat.com\/es\/politica-privacidad\/#breadcrumb\",\"itemListElement\":[{\"@type\":\"ListItem\",\"position\":1,\"name\":\"Home\",\"item\":\"https:\/\/nou-sat.com\/es\/\"},{\"@type\":\"ListItem\",\"position\":2,\"name\":\"Pol\u00edtica de Privacidad\"}]},{\"@type\":\"WebSite\",\"@id\":\"https:\/\/nou-sat.com\/es\/#website\",\"url\":\"https:\/\/nou-sat.com\/es\/\",\"name\":\"Nou Sat\",\"description\":\"Servei t\u00e8cnic de maquin\u00e0ria\",\"publisher\":{\"@id\":\"https:\/\/nou-sat.com\/es\/#organization\"},\"potentialAction\":[{\"@type\":\"SearchAction\",\"target\":{\"@type\":\"EntryPoint\",\"urlTemplate\":\"https:\/\/nou-sat.com\/es\/?s={search_term_string}\"},\"query-input\":{\"@type\":\"PropertyValueSpecification\",\"valueRequired\":true,\"valueName\":\"search_term_string\"}}],\"inLanguage\":\"es\"},{\"@type\":\"Organization\",\"@id\":\"https:\/\/nou-sat.com\/es\/#organization\",\"name\":\"NOU-SAT\",\"url\":\"https:\/\/nou-sat.com\/es\/\",\"logo\":{\"@type\":\"ImageObject\",\"inLanguage\":\"es\",\"@id\":\"https:\/\/nou-sat.com\/es\/#\/schema\/logo\/image\/\",\"url\":\"http:\/\/nou-sat.com\/wp-content\/uploads\/3-LOGO-BLANC-FONS-ROSA_web.png\",\"contentUrl\":\"http:\/\/nou-sat.com\/wp-content\/uploads\/3-LOGO-BLANC-FONS-ROSA_web.png\",\"width\":3000,\"height\":1800,\"caption\":\"NOU-SAT\"},\"image\":{\"@id\":\"https:\/\/nou-sat.com\/es\/#\/schema\/logo\/image\/\"}}]}<\/script>\n<!-- \/ Yoast SEO plugin. -->","yoast_head_json":{"title":"Pol\u00edtica de Privacidad - Nou Sat","robots":{"index":"index","follow":"follow","max-snippet":"max-snippet:-1","max-image-preview":"max-image-preview:large","max-video-preview":"max-video-preview:-1"},"canonical":"https:\/\/nou-sat.com\/es\/politica-privacidad\/","og_locale":"es_ES","og_type":"article","og_title":"Pol\u00edtica de Privacidad - Nou Sat","og_description":"Esta es nuestra pol\u00edtica de privacidad, en cumplimiento del reglamento europeo 2016\/679 relativo a la protecci\u00f3n de las personas f\u00edsicas (RGPD), dirigida a nuestros clientes, potenciales clientes, usuarios de esta p\u00e1gina de web, nuestros proveedores y otros colaboradores. Responsable del tratamiento de tus datos personales Nombre comercial: NOU-SAT NIF\/CIF: 40979147R Direcci\u00f3n:\u00a0Pla\u00e7a Josep Pallach, 10 Tel\u00e9fono:\u00a0+34 [&hellip;]","og_url":"https:\/\/nou-sat.com\/es\/politica-privacidad\/","og_site_name":"Nou Sat","article_modified_time":"2019-09-07T17:54:55+00:00","twitter_card":"summary_large_image","twitter_misc":{"Tiempo de lectura":"7 minutos"},"schema":{"@context":"https:\/\/schema.org","@graph":[{"@type":"WebPage","@id":"https:\/\/nou-sat.com\/es\/politica-privacidad\/","url":"https:\/\/nou-sat.com\/es\/politica-privacidad\/","name":"Pol\u00edtica de Privacidad - Nou Sat","isPartOf":{"@id":"https:\/\/nou-sat.com\/es\/#website"},"datePublished":"2019-09-07T17:40:08+00:00","dateModified":"2019-09-07T17:54:55+00:00","breadcrumb":{"@id":"https:\/\/nou-sat.com\/es\/politica-privacidad\/#breadcrumb"},"inLanguage":"es","potentialAction":[{"@type":"ReadAction","target":["https:\/\/nou-sat.com\/es\/politica-privacidad\/"]}]},{"@type":"BreadcrumbList","@id":"https:\/\/nou-sat.com\/es\/politica-privacidad\/#breadcrumb","itemListElement":[{"@type":"ListItem","position":1,"name":"Home","item":"https:\/\/nou-sat.com\/es\/"},{"@type":"ListItem","position":2,"name":"Pol\u00edtica de Privacidad"}]},{"@type":"WebSite","@id":"https:\/\/nou-sat.com\/es\/#website","url":"https:\/\/nou-sat.com\/es\/","name":"Nou Sat","description":"Servei t\u00e8cnic de maquin\u00e0ria","publisher":{"@id":"https:\/\/nou-sat.com\/es\/#organization"},"potentialAction":[{"@type":"SearchAction","target":{"@type":"EntryPoint","urlTemplate":"https:\/\/nou-sat.com\/es\/?s={search_term_string}"},"query-input":{"@type":"PropertyValueSpecification","valueRequired":true,"valueName":"search_term_string"}}],"inLanguage":"es"},{"@type":"Organization","@id":"https:\/\/nou-sat.com\/es\/#organization","name":"NOU-SAT","url":"https:\/\/nou-sat.com\/es\/","logo":{"@type":"ImageObject","inLanguage":"es","@id":"https:\/\/nou-sat.com\/es\/#\/schema\/logo\/image\/","url":"http:\/\/nou-sat.com\/wp-content\/uploads\/3-LOGO-BLANC-FONS-ROSA_web.png","contentUrl":"http:\/\/nou-sat.com\/wp-content\/uploads\/3-LOGO-BLANC-FONS-ROSA_web.png","width":3000,"height":1800,"caption":"NOU-SAT"},"image":{"@id":"https:\/\/nou-sat.com\/es\/#\/schema\/logo\/image\/"}}]}},"_links":{"self":[{"href":"https:\/\/nou-sat.com\/es\/wp-json\/wp\/v2\/pages\/784","targetHints":{"allow":["GET"]}}],"collection":[{"href":"https:\/\/nou-sat.com\/es\/wp-json\/wp\/v2\/pages"}],"about":[{"href":"https:\/\/nou-sat.com\/es\/wp-json\/wp\/v2\/types\/page"}],"author":[{"embeddable":true,"href":"https:\/\/nou-sat.com\/es\/wp-json\/wp\/v2\/users\/1"}],"replies":[{"embeddable":true,"href":"https:\/\/nou-sat.com\/es\/wp-json\/wp\/v2\/comments?post=784"}],"version-history":[{"count":0,"href":"https:\/\/nou-sat.com\/es\/wp-json\/wp\/v2\/pages\/784\/revisions"}],"wp:attachment":[{"href":"https:\/\/nou-sat.com\/es\/wp-json\/wp\/v2\/media?parent=784"}],"curies":[{"name":"wp","href":"https:\/\/api.w.org\/{rel}","templated":true}]}}