{"id":780,"date":"2019-09-07T19:21:14","date_gmt":"2019-09-07T17:21:14","guid":{"rendered":"https:\/\/nou-sat.com\/politica-de-cookies\/"},"modified":"2019-09-07T19:45:11","modified_gmt":"2019-09-07T17:45:11","slug":"politica-cookies2","status":"publish","type":"page","link":"https:\/\/nou-sat.com\/es\/politica-cookies2\/","title":{"rendered":"Pol\u00edtica de Cookies"},"content":{"rendered":"<p>[et_pb_section fb_built=\u00bb1&#8243; admin_label=\u00bbsection\u00bb _builder_version=\u00bb3.27.1&#8243; custom_margin=\u00bb0px|0px|0px|0px|true|true\u00bb custom_padding=\u00bb0px|0px|0px|0px|true|true\u00bb fb_built=\u00bb1&#8243; _i=\u00bb0&#8243; _address=\u00bb0&#8243;][et_pb_row use_custom_gutter=\u00bbon\u00bb gutter_width=\u00bb1&#8243; make_equal=\u00bbon\u00bb admin_label=\u00bbrow\u00bb _builder_version=\u00bb3.27.1&#8243; background_size=\u00bbinitial\u00bb background_position=\u00bbtop_left\u00bb background_repeat=\u00bbrepeat\u00bb width=\u00bb100%\u00bb max_width=\u00bb2560px\u00bb module_alignment=\u00bbcenter\u00bb custom_margin=\u00bb0px||0px||true|false\u00bb custom_padding=\u00bb0px||0px||true|false\u00bb _i=\u00bb0&#8243; _address=\u00bb0.0&#8243;][et_pb_column type=\u00bb4_4&#8243; _builder_version=\u00bb3.25&#8243; custom_padding=\u00bb|||\u00bb _i=\u00bb0&#8243; _address=\u00bb0.0.0&#8243; custom_padding__hover=\u00bb|||\u00bb][et_pb_slider admin_label=\u00bbDeslizador\u00bb _builder_version=\u00bb3.27.1&#8243; height=\u00bb40vh\u00bb custom_margin=\u00bb||||false|false\u00bb hover_enabled=\u00bb0&#8243; _i=\u00bb0&#8243; _address=\u00bb0.0.0.0&#8243;][et_pb_slide heading=\u00bbPol\u00edtica de Cookies\u00bb _builder_version=\u00bb3.27.1&#8243; header_level=\u00bbh1&#8243; header_font=\u00bb|700|||||||\u00bb header_text_align=\u00bbleft\u00bb header_text_color=\u00bb#ffffff\u00bb header_font_size=\u00bb3em\u00bb body_font=\u00bb|700|||||||\u00bb body_text_align=\u00bbleft\u00bb body_font_size=\u00bb1px\u00bb body_link_text_color=\u00bb#ffffff\u00bb body_link_font_size=\u00bb24px\u00bb body_link_line_height=\u00bb1.1em\u00bb background_color=\u00bb#243c4f\u00bb background_enable_color=\u00bbon\u00bb background_enable_image=\u00bboff\u00bb background_enable_video_mp4=\u00bboff\u00bb hover_enabled=\u00bb0&#8243; header_font_size_tablet=\u00bb3em\u00bb header_font_size_phone=\u00bb2em\u00bb header_font_size_last_edited=\u00bbon|phone\u00bb body_link_font_size_tablet=\u00bb20px\u00bb body_link_font_size_phone=\u00bb18px\u00bb body_link_font_size_last_edited=\u00bbon|desktop\u00bb _i=\u00bb0&#8243; _address=\u00bb0.0.0.0.0&#8243;][\/et_pb_slide][\/et_pb_slider][\/et_pb_column][\/et_pb_row][\/et_pb_section][et_pb_section fb_built=\u00bb1&#8243; _builder_version=\u00bb3.27.1&#8243; background_enable_color=\u00bboff\u00bb custom_margin=\u00bb0px||0px||true|false\u00bb custom_padding=\u00bb60px||60px||true|false\u00bb fb_built=\u00bb1&#8243; _i=\u00bb1&#8243; _address=\u00bb1&#8243;][et_pb_row _builder_version=\u00bb3.27.1&#8243; width=\u00bb75%\u00bb max_width=\u00bb2560px\u00bb custom_margin=\u00bb30px||30px||true|false\u00bb custom_padding=\u00bb0px||0px||true|false\u00bb _i=\u00bb0&#8243; _address=\u00bb1.0&#8243;][et_pb_column type=\u00bb4_4&#8243; _builder_version=\u00bb3.27.1&#8243; _i=\u00bb0&#8243; _address=\u00bb1.0.0&#8243;][et_pb_text _builder_version=\u00bb3.27.1&#8243; text_text_color=\u00bb#000000&#8243; text_line_height=\u00bb1.8em\u00bb header_2_text_color=\u00bb#000000&#8243; header_2_line_height=\u00bb1.4em\u00bb custom_padding=\u00bb||||true|true\u00bb hover_enabled=\u00bb0&#8243; _i=\u00bb0&#8243; _address=\u00bb1.0.0.0&#8243; link_text_color=\u00bb#ce255e\u00bb]En esta web recopilamos y utilizamos la informaci\u00f3n seg\u00fan indicamos en nuestra pol\u00edtica de privacidad. Una de las formas en las que recopilamos informaci\u00f3n es a trav\u00e9s del uso de la tecnolog\u00eda llamada \u201ccookies\u201d. En NOU-SAT se utilizan cookies para varias cosas.<\/p>\n<p><strong>\u00a0\u00bfQu\u00e9 es una cookie?<\/strong><\/p>\n<p>Una \u201ccookie\u201d es una peque\u00f1a cantidad de texto que se almacena en tu navegador (como Chrome de Google o Safari de Apple) cuando navegas por la mayor\u00eda de los sitios web.<\/p>\n<p><strong>\u00a0\u00bfQu\u00e9 NO es una cookie?<\/strong><\/p>\n<p>No es un virus, ni un troyano, ni un gusano, ni spam, ni spyware, ni abre ventanas pop-up.<\/p>\n<p><strong>\u00a0\u00bfQu\u00e9 informaci\u00f3n almacena una cookie?<\/strong><\/p>\n<p>Las cookies no suelen almacenar informaci\u00f3n sensible sobre usted, como tarjetas de cr\u00e9dito o datos bancarios, fotograf\u00edas o informaci\u00f3n personal, etc. Los datos que guardan son de car\u00e1cter t\u00e9cnico, estad\u00edsticos, preferencias personales, personalizaci\u00f3n de contenidos, etc.<\/p>\n<p>El servidor web no le asocia a usted como persona sino a su navegador web. De hecho, si usted navega habitualmente con el navegador Chrome y prueba a navegar por la misma web con el navegador Firefox, ver\u00e1 que la web no se da cuenta que es usted la misma persona porque en realidad est\u00e1 asociando la informaci\u00f3n al navegador, no a la persona.<\/p>\n<p><strong>\u00bfQu\u00e9 tipo de cookies existen?<\/strong><\/p>\n<ul>\n<li><strong>Cookies t\u00e9cnicas:<\/strong>\u00a0Son las m\u00e1s elementales y permiten, entre otras cosas, saber cu\u00e1ndo est\u00e1 navegando un humano o una aplicaci\u00f3n automatizada, cu\u00e1ndo navega un usuario an\u00f3nimo y uno registrado, tareas b\u00e1sicas para el funcionamiento de cualquier web din\u00e1mica.<\/li>\n<li><strong>Cookies de an\u00e1lisis:<\/strong>\u00a0Recogen informaci\u00f3n sobre el tipo de navegaci\u00f3n que est\u00e1 realizando, las secciones que m\u00e1s utiliza, productos consultados, franja horaria de uso, idioma, etc.<\/li>\n<li><strong>Cookies publicitarias:<\/strong>\u00a0Muestran publicidad en funci\u00f3n de su navegaci\u00f3n, su pa\u00eds de procedencia, idioma, etc.<\/li>\n<\/ul>\n<p><strong>\u00bfQu\u00e9 son las cookies propias y las de terceros?<\/strong><\/p>\n<p>Las cookies propias son las generadas por la p\u00e1gina que est\u00e1 visitando y las de terceros son las generadas por servicios o proveedores externos como Mailchimp, Mailrelay, Facebook, Twitter, Google AdSense, etc.<\/p>\n<p><strong>\u00bfQu\u00e9 cookies utiliza esta web?<\/strong><\/p>\n<p>Esta web utiliza cookies propias y de terceros. En este sitio web se utilizan las siguientes cookies que se detallan a continuaci\u00f3n:<\/p>\n<p><strong>Cookies propias:<\/strong><\/p>\n<p><strong>Personalizaci\u00f3n:<\/strong>\u00a0Las cookies me ayudan a recordar con qu\u00e9 personas o sitios web has interactuado, para que pueda mostrarte contenido relacionado.<\/p>\n<p><strong>Preferencias:<\/strong>\u00a0Las cookies me permiten recordar tus ajustes y preferencias, como el idioma preferido y tu configuraci\u00f3n de privacidad.<\/p>\n<p><strong>Seguridad:<\/strong>\u00a0Utilizo cookies para evitarte riesgos de seguridad.<\/p>\n<p><strong>Cookies de terceros:<\/strong><\/p>\n<p>Esta web utiliza servicios de an\u00e1lisis, concretamente, Google Analytics para ayudar al website a analizar el uso que hacen los usuarios del sitio web y mejorar la usabilidad del mismo, pero en ning\u00fan caso se asocian a datos que pudieran llegar a identificar al usuario. Google Analytics, es un servicio anal\u00edtico de web prestado por Google, Inc., El usuario puede consultar\u00a0<a href=\"https:\/\/www.google.es\/intl\/es\/policies\/technologies\/types\/\">aqu\u00ed<\/a>\u00a0el tipo de cookies utilizadas por Google.<\/p>\n<p>Las cookies de redes sociales pueden almacenarse en su navegador mientras navega por esta web por ejemplo, cuando utiliza el bot\u00f3n de compartir contenidos de esta web en alguna red social.<br \/>\nPuede consultar en cada perfil social el tipo de cookies que se almacenan.<\/p>\n<p><strong>\u00a0\u00bfSe pueden eliminar las cookies?<\/strong><\/p>\n<p>S\u00ed, y no s\u00f3lo eliminar, tambi\u00e9n bloquear, de forma general o particular para un dominio espec\u00edfico.<br \/>\nPara eliminar las cookies de un sitio web debe ir a la configuraci\u00f3n de su navegador y all\u00ed podr\u00e1 buscar las asociadas al dominio en cuesti\u00f3n y proceder a su eliminaci\u00f3n.<\/p>\n<ul>\n<li>Configuraci\u00f3n de cookies para\u00a0<a href=\"http:\/\/support.google.com\/chrome\/bin\/answer.py?hl=es&amp;answer=95647\">Google Chrome<\/a><\/li>\n<li>Configuraci\u00f3n de cookies para\u00a0<a href=\"https:\/\/support.apple.com\/es-es\/HT201265\">Apple Safari<\/a><\/li>\n<li>Configuraci\u00f3n de cookies para\u00a0<a href=\"https:\/\/support.microsoft.com\/en-us\/help\/17442\/windows-internet-explorer-delete-manage-cookies#ie=ie-10\">Internet Explorer<\/a><\/li>\n<li>Configuraci\u00f3n de cookies para\u00a0<a href=\"https:\/\/support.mozilla.org\/es\/kb\/habilitar-y-deshabilitar-cookies-sitios-web-rastrear-preferencias?redirectlocale=es&amp;redirectslug=habilitar-y-deshabilitar-cookies-que-los-sitios-we\">Mozilla Firefox<\/a><\/li>\n<\/ul>\n<p>Si lo deseas puedes inhabilitar el seguimiento de Google Analytics mediante\u00a0<a href=\"https:\/\/tools.google.com\/dlpage\/gaoptout\">este complemento para el navegador ofrecido por Google<\/a>.<\/p>\n<p><strong>M\u00e1s informaci\u00f3n sobre las cookies<\/strong><\/p>\n<p>Puedes consultar el reglamento sobre cookies publicado por la Agencia Espa\u00f1ola de Protecci\u00f3n de Datos en su \u201cGu\u00eda sobre el uso de las cookies\u201d y obtener m\u00e1s informaci\u00f3n sobre las cookies en Internet,\u00a0<a href=\"http:\/\/www.aboutcookies.org\/\">http:\/\/www.aboutcookies.org\/<\/a><\/p>\n<p>Si desea tener un mayor control sobre la instalaci\u00f3n de cookies, puede instalar programas o complementos a su navegador, conocidos como herramientas de \u201cDo Not Track\u201d, que le permitir\u00e1n escoger aquellas cookies que desea permitir.[\/et_pb_text][\/et_pb_column][\/et_pb_row][\/et_pb_section]<\/p>\n","protected":false},"excerpt":{"rendered":"<p>En esta web recopilamos y utilizamos la informaci\u00f3n seg\u00fan indicamos en nuestra pol\u00edtica de privacidad. Una de las formas en las que recopilamos informaci\u00f3n es a trav\u00e9s del uso de la tecnolog\u00eda llamada \u201ccookies\u201d. En NOU-SAT se utilizan cookies para varias cosas. \u00a0\u00bfQu\u00e9 es una cookie? Una \u201ccookie\u201d es una peque\u00f1a cantidad de texto que [&hellip;]<\/p>\n","protected":false},"author":1,"featured_media":0,"parent":0,"menu_order":6,"comment_status":"closed","ping_status":"closed","template":"","meta":{"_et_pb_use_builder":"on","_et_pb_old_content":"","_et_gb_content_width":"","footnotes":""},"class_list":["post-780","page","type-page","status-publish","hentry"],"yoast_head":"<!-- This site is optimized with the Yoast SEO plugin v23.8 - https:\/\/yoast.com\/wordpress\/plugins\/seo\/ -->\n<title>Pol\u00edtica de Cookies - Nou Sat<\/title>\n<meta name=\"robots\" content=\"index, follow, max-snippet:-1, max-image-preview:large, max-video-preview:-1\" \/>\n<link rel=\"canonical\" href=\"https:\/\/nou-sat.com\/es\/politica-cookies2\/\" \/>\n<meta property=\"og:locale\" content=\"es_ES\" \/>\n<meta property=\"og:type\" content=\"article\" \/>\n<meta property=\"og:title\" content=\"Pol\u00edtica de Cookies - Nou Sat\" \/>\n<meta property=\"og:description\" content=\"En esta web recopilamos y utilizamos la informaci\u00f3n seg\u00fan indicamos en nuestra pol\u00edtica de privacidad. Una de las formas en las que recopilamos informaci\u00f3n es a trav\u00e9s del uso de la tecnolog\u00eda llamada \u201ccookies\u201d. En NOU-SAT se utilizan cookies para varias cosas. \u00a0\u00bfQu\u00e9 es una cookie? Una \u201ccookie\u201d es una peque\u00f1a cantidad de texto que [&hellip;]\" \/>\n<meta property=\"og:url\" content=\"https:\/\/nou-sat.com\/es\/politica-cookies2\/\" \/>\n<meta property=\"og:site_name\" content=\"Nou Sat\" \/>\n<meta property=\"article:modified_time\" content=\"2019-09-07T17:45:11+00:00\" \/>\n<meta name=\"twitter:card\" content=\"summary_large_image\" \/>\n<meta name=\"twitter:label1\" content=\"Tiempo de lectura\" \/>\n\t<meta name=\"twitter:data1\" content=\"5 minutos\" \/>\n<script type=\"application\/ld+json\" class=\"yoast-schema-graph\">{\"@context\":\"https:\/\/schema.org\",\"@graph\":[{\"@type\":\"WebPage\",\"@id\":\"https:\/\/nou-sat.com\/es\/politica-cookies2\/\",\"url\":\"https:\/\/nou-sat.com\/es\/politica-cookies2\/\",\"name\":\"Pol\u00edtica de Cookies - Nou Sat\",\"isPartOf\":{\"@id\":\"https:\/\/nou-sat.com\/es\/#website\"},\"datePublished\":\"2019-09-07T17:21:14+00:00\",\"dateModified\":\"2019-09-07T17:45:11+00:00\",\"breadcrumb\":{\"@id\":\"https:\/\/nou-sat.com\/es\/politica-cookies2\/#breadcrumb\"},\"inLanguage\":\"es\",\"potentialAction\":[{\"@type\":\"ReadAction\",\"target\":[\"https:\/\/nou-sat.com\/es\/politica-cookies2\/\"]}]},{\"@type\":\"BreadcrumbList\",\"@id\":\"https:\/\/nou-sat.com\/es\/politica-cookies2\/#breadcrumb\",\"itemListElement\":[{\"@type\":\"ListItem\",\"position\":1,\"name\":\"Home\",\"item\":\"https:\/\/nou-sat.com\/es\/\"},{\"@type\":\"ListItem\",\"position\":2,\"name\":\"Pol\u00edtica de Cookies\"}]},{\"@type\":\"WebSite\",\"@id\":\"https:\/\/nou-sat.com\/es\/#website\",\"url\":\"https:\/\/nou-sat.com\/es\/\",\"name\":\"Nou Sat\",\"description\":\"Servei t\u00e8cnic de maquin\u00e0ria\",\"publisher\":{\"@id\":\"https:\/\/nou-sat.com\/es\/#organization\"},\"potentialAction\":[{\"@type\":\"SearchAction\",\"target\":{\"@type\":\"EntryPoint\",\"urlTemplate\":\"https:\/\/nou-sat.com\/es\/?s={search_term_string}\"},\"query-input\":{\"@type\":\"PropertyValueSpecification\",\"valueRequired\":true,\"valueName\":\"search_term_string\"}}],\"inLanguage\":\"es\"},{\"@type\":\"Organization\",\"@id\":\"https:\/\/nou-sat.com\/es\/#organization\",\"name\":\"NOU-SAT\",\"url\":\"https:\/\/nou-sat.com\/es\/\",\"logo\":{\"@type\":\"ImageObject\",\"inLanguage\":\"es\",\"@id\":\"https:\/\/nou-sat.com\/es\/#\/schema\/logo\/image\/\",\"url\":\"http:\/\/nou-sat.com\/wp-content\/uploads\/3-LOGO-BLANC-FONS-ROSA_web.png\",\"contentUrl\":\"http:\/\/nou-sat.com\/wp-content\/uploads\/3-LOGO-BLANC-FONS-ROSA_web.png\",\"width\":3000,\"height\":1800,\"caption\":\"NOU-SAT\"},\"image\":{\"@id\":\"https:\/\/nou-sat.com\/es\/#\/schema\/logo\/image\/\"}}]}<\/script>\n<!-- \/ Yoast SEO plugin. -->","yoast_head_json":{"title":"Pol\u00edtica de Cookies - Nou Sat","robots":{"index":"index","follow":"follow","max-snippet":"max-snippet:-1","max-image-preview":"max-image-preview:large","max-video-preview":"max-video-preview:-1"},"canonical":"https:\/\/nou-sat.com\/es\/politica-cookies2\/","og_locale":"es_ES","og_type":"article","og_title":"Pol\u00edtica de Cookies - Nou Sat","og_description":"En esta web recopilamos y utilizamos la informaci\u00f3n seg\u00fan indicamos en nuestra pol\u00edtica de privacidad. Una de las formas en las que recopilamos informaci\u00f3n es a trav\u00e9s del uso de la tecnolog\u00eda llamada \u201ccookies\u201d. En NOU-SAT se utilizan cookies para varias cosas. \u00a0\u00bfQu\u00e9 es una cookie? Una \u201ccookie\u201d es una peque\u00f1a cantidad de texto que [&hellip;]","og_url":"https:\/\/nou-sat.com\/es\/politica-cookies2\/","og_site_name":"Nou Sat","article_modified_time":"2019-09-07T17:45:11+00:00","twitter_card":"summary_large_image","twitter_misc":{"Tiempo de lectura":"5 minutos"},"schema":{"@context":"https:\/\/schema.org","@graph":[{"@type":"WebPage","@id":"https:\/\/nou-sat.com\/es\/politica-cookies2\/","url":"https:\/\/nou-sat.com\/es\/politica-cookies2\/","name":"Pol\u00edtica de Cookies - Nou Sat","isPartOf":{"@id":"https:\/\/nou-sat.com\/es\/#website"},"datePublished":"2019-09-07T17:21:14+00:00","dateModified":"2019-09-07T17:45:11+00:00","breadcrumb":{"@id":"https:\/\/nou-sat.com\/es\/politica-cookies2\/#breadcrumb"},"inLanguage":"es","potentialAction":[{"@type":"ReadAction","target":["https:\/\/nou-sat.com\/es\/politica-cookies2\/"]}]},{"@type":"BreadcrumbList","@id":"https:\/\/nou-sat.com\/es\/politica-cookies2\/#breadcrumb","itemListElement":[{"@type":"ListItem","position":1,"name":"Home","item":"https:\/\/nou-sat.com\/es\/"},{"@type":"ListItem","position":2,"name":"Pol\u00edtica de Cookies"}]},{"@type":"WebSite","@id":"https:\/\/nou-sat.com\/es\/#website","url":"https:\/\/nou-sat.com\/es\/","name":"Nou Sat","description":"Servei t\u00e8cnic de maquin\u00e0ria","publisher":{"@id":"https:\/\/nou-sat.com\/es\/#organization"},"potentialAction":[{"@type":"SearchAction","target":{"@type":"EntryPoint","urlTemplate":"https:\/\/nou-sat.com\/es\/?s={search_term_string}"},"query-input":{"@type":"PropertyValueSpecification","valueRequired":true,"valueName":"search_term_string"}}],"inLanguage":"es"},{"@type":"Organization","@id":"https:\/\/nou-sat.com\/es\/#organization","name":"NOU-SAT","url":"https:\/\/nou-sat.com\/es\/","logo":{"@type":"ImageObject","inLanguage":"es","@id":"https:\/\/nou-sat.com\/es\/#\/schema\/logo\/image\/","url":"http:\/\/nou-sat.com\/wp-content\/uploads\/3-LOGO-BLANC-FONS-ROSA_web.png","contentUrl":"http:\/\/nou-sat.com\/wp-content\/uploads\/3-LOGO-BLANC-FONS-ROSA_web.png","width":3000,"height":1800,"caption":"NOU-SAT"},"image":{"@id":"https:\/\/nou-sat.com\/es\/#\/schema\/logo\/image\/"}}]}},"_links":{"self":[{"href":"https:\/\/nou-sat.com\/es\/wp-json\/wp\/v2\/pages\/780","targetHints":{"allow":["GET"]}}],"collection":[{"href":"https:\/\/nou-sat.com\/es\/wp-json\/wp\/v2\/pages"}],"about":[{"href":"https:\/\/nou-sat.com\/es\/wp-json\/wp\/v2\/types\/page"}],"author":[{"embeddable":true,"href":"https:\/\/nou-sat.com\/es\/wp-json\/wp\/v2\/users\/1"}],"replies":[{"embeddable":true,"href":"https:\/\/nou-sat.com\/es\/wp-json\/wp\/v2\/comments?post=780"}],"version-history":[{"count":0,"href":"https:\/\/nou-sat.com\/es\/wp-json\/wp\/v2\/pages\/780\/revisions"}],"wp:attachment":[{"href":"https:\/\/nou-sat.com\/es\/wp-json\/wp\/v2\/media?parent=780"}],"curies":[{"name":"wp","href":"https:\/\/api.w.org\/{rel}","templated":true}]}}